{"id":13,"date":"2017-02-07T15:22:36","date_gmt":"2017-02-07T15:22:36","guid":{"rendered":"http:\/\/themenectar.com\/demo\/salient-startup\/?page_id=13"},"modified":"2025-04-29T18:22:10","modified_gmt":"2025-04-29T18:22:10","slug":"blog","status":"publish","type":"page","link":"https:\/\/ghvsolutions.com\/en\/blog\/","title":{"rendered":"Articles"},"content":{"rendered":"<div id=\"fws_69e0d5609c6c1\"  data-column-margin=\"default\" data-midnight=\"light\" data-top-percent=\"1%\" data-bottom-percent=\"1%\"  class=\"wpb_row vc_row-fluid vc_row full-width-content vc_row-o-equal-height vc_row-flex vc_row-o-content-middle  right_padding_3pct left_padding_3pct left_padding_phone_7pct\"  style=\"padding-top: calc(100vw * 0.01); padding-bottom: calc(100vw * 0.01); \"><div class=\"row-bg-wrap\" data-bg-animation=\"none\" data-bg-animation-delay=\"\" data-bg-overlay=\"true\"><div class=\"inner-wrap row-bg-layer using-image\" ><div class=\"row-bg viewport-desktop using-image\"  style=\"background-image: url(https:\/\/ghvsolutions.com\/wp-content\/uploads\/2025\/04\/GHV-SOLUTIONS-BLOG-HEADER.png); background-position: center top; background-repeat: no-repeat; \"><\/div><\/div><div class=\"row-bg-overlay row-bg-layer\" style=\"background-color:#282828;  opacity: 0.3; \"><\/div><\/div><div class=\"row_col_wrap_12 col span_12 light left\">\n\t<div  class=\"vc_col-sm-5 vc_col-xs-12 wpb_column column_container vc_column_container col no-extra-padding inherit_tablet inherit_phone\"  data-padding-pos=\"all\" data-has-bg-color=\"false\" data-bg-color=\"\" data-bg-opacity=\"1\" data-animation=\"\" data-delay=\"0\" >\n\t\t<div class=\"vc_column-inner\" >\n\t\t\t<div class=\"wpb_wrapper\">\n\t\t\t\t<div id=\"fws_69e0d5609cdbc\" data-midnight=\"\" data-column-margin=\"default\" class=\"wpb_row vc_row-fluid vc_row inner_row  top_padding_phone_80pct bottom_padding_phone_15pct\"  style=\"padding-top: 60%; padding-bottom: 10%; \"><div class=\"row-bg-wrap\"> <div class=\"row-bg\" ><\/div> <\/div><div class=\"row_col_wrap_12_inner col span_12  left\">\n\t<div  class=\"vc_col-sm-12 wpb_column column_container vc_column_container col child_column has-animation no-extra-padding inherit_tablet inherit_phone\"   data-padding-pos=\"all\" data-has-bg-color=\"false\" data-bg-color=\"\" data-bg-opacity=\"1\" data-animation=\"fade-in-from-bottom\" data-delay=\"0\" >\n\t\t<div class=\"vc_column-inner\" >\n\t\t<div class=\"wpb_wrapper\">\n\t\t\t<h2 style=\"text-align: left\" class=\"vc_custom_heading vc_do_custom_heading\" >Blog Articles<\/h2><h4 style=\"color: rgba(255,255,255,0.75);text-align: left\" class=\"vc_custom_heading vc_do_custom_heading\" >Read the Latest News.<\/h4>\n\t\t<\/div> \n\t<\/div>\n\t<\/div> \n<\/div><\/div>\n\t\t\t<\/div> \n\t\t<\/div>\n\t<\/div> \n\n\t<div  class=\"vc_col-sm-1 vc_col-xs-12 wpb_column column_container vc_column_container col no-extra-padding inherit_tablet inherit_phone\"  data-padding-pos=\"all\" data-has-bg-color=\"false\" data-bg-color=\"\" data-bg-opacity=\"1\" data-animation=\"\" data-delay=\"0\" >\n\t\t<div class=\"vc_column-inner\" >\n\t\t\t<div class=\"wpb_wrapper\">\n\t\t\t\t\n\t\t\t<\/div> \n\t\t<\/div>\n\t<\/div> \n\n\t<div  class=\"vc_col-sm-6 vc_col-xs-12 wpb_column column_container vc_column_container col no-extra-padding inherit_tablet inherit_phone\"  data-padding-pos=\"all\" data-has-bg-color=\"false\" data-bg-color=\"\" data-bg-opacity=\"1\" data-animation=\"\" data-delay=\"0\" >\n\t\t<div class=\"vc_column-inner\" >\n\t\t\t<div class=\"wpb_wrapper\">\n\t\t\t\t\n\t\t\t<\/div> \n\t\t<\/div>\n\t<\/div> \n<\/div><\/div>\n\t\t<div id=\"fws_69e0d560a8c8d\"  data-column-margin=\"default\" data-midnight=\"dark\" data-top-percent=\"6%\" data-bottom-percent=\"6%\"  class=\"wpb_row vc_row-fluid vc_row full-width-content vc_row-o-equal-height vc_row-flex vc_row-o-content-top  right_padding_3pct left_padding_3pct top_padding_phone_21pct bottom_padding_phone_21pct right_padding_phone_7pct left_padding_phone_7pct\"  style=\"padding-top: calc(100vw * 0.06); padding-bottom: calc(100vw * 0.06); \"><div class=\"row-bg-wrap\" data-bg-animation=\"none\" data-bg-animation-delay=\"\" data-bg-overlay=\"false\"><div class=\"inner-wrap row-bg-layer\" ><div class=\"row-bg viewport-desktop using-bg-color\"  style=\"background-color: #ffffff; \"><\/div><\/div><\/div><div class=\"row_col_wrap_12 col span_12 dark left\">\n\t<div  class=\"vc_col-sm-12 wpb_column column_container vc_column_container col no-extra-padding inherit_tablet inherit_phone\"  data-padding-pos=\"all\" data-has-bg-color=\"false\" data-bg-color=\"\" data-bg-opacity=\"1\" data-animation=\"\" data-delay=\"0\" >\n\t\t<div class=\"vc_column-inner\" >\n\t\t\t<div class=\"wpb_wrapper\">\n\t\t\t\t\n<div class=\"row\">\n\n <div class=\"post-area col  span_12 col_last masonry classic_enhanced\" data-ams=\"\" data-remove-post-date=\"\" data-remove-post-author=\"1\" data-remove-post-comment-number=\"\" data-remove-post-nectar-love=\"\"> <div class=\"posts-container\" data-load-animation=\"none\">     \n     \n<article id=\"post-6416\" class=\"regular masonry-blog-item post-6416 post type-post status-publish format-standard has-post-thumbnail category-uncategorized\">  \n    \n  <div class=\"inner-wrap animated\">\n    \n    <div class=\"post-content\">\n      \n      <a href=\"https:\/\/ghvsolutions.com\/en\/ghid-complet-pentru-integrarea-angajatilor-straini-in-romania\/\" class=\"img-link\"><span class=\"post-featured-img\"><img loading=\"lazy\" decoding=\"async\" width=\"600\" height=\"403\" src=\"https:\/\/ghvsolutions.com\/wp-content\/uploads\/2025\/04\/Ghid-complet-pentru-integrarea-angajatilor-straini-in-Romania-600x403.jpg\" class=\"attachment-portfolio-thumb size-portfolio-thumb skip-lazy wp-post-image\" alt=\"\" title=\"\" sizes=\"auto, (min-width: 1600px) 20vw, (min-width: 1300px) 25vw, (min-width: 1000px) 33.3vw, (min-width: 690px) 50vw, 100vw\" srcset=\"https:\/\/ghvsolutions.com\/wp-content\/uploads\/2025\/04\/Ghid-complet-pentru-integrarea-angajatilor-straini-in-Romania-600x403.jpg 600w, https:\/\/ghvsolutions.com\/wp-content\/uploads\/2025\/04\/Ghid-complet-pentru-integrarea-angajatilor-straini-in-Romania-900x604.jpg 900w, https:\/\/ghvsolutions.com\/wp-content\/uploads\/2025\/04\/Ghid-complet-pentru-integrarea-angajatilor-straini-in-Romania-400x269.jpg 400w\"><\/span><\/a>      \n      <div class=\"content-inner\">\n        \n        <a class=\"entire-meta-link\" href=\"https:\/\/ghvsolutions.com\/en\/ghid-complet-pentru-integrarea-angajatilor-straini-in-romania\/\"><span class=\"screen-reader-text\">Complete guide to integrating foreign employees in Romania<\/span><\/a>\n        \n        <span class=\"meta-category\"><a class=\"uncategorized\" href=\"https:\/\/ghvsolutions.com\/en\/category\/uncategorized\/\">GHV SOLUTIONS<\/a><\/span>        \n        <div class=\"article-content-wrap\">\n          \n          <div class=\"post-header\">\n            <span>April 10, 2025<\/span>            <h3 class=\"title\"><a href=\"https:\/\/ghvsolutions.com\/en\/ghid-complet-pentru-integrarea-angajatilor-straini-in-romania\/\"> Complete guide to integrating foreign employees in Romania<\/a><\/h3>\n          <\/div>\n          \n          <div class=\"excerpt\">Integrarea muncitorilor str\u0103ini este la fel de important\u0103 ca \u0219i recrutarea lor. O bun\u0103 integrare&hellip;<\/div>\n        <\/div><!--article-content-wrap-->\n        \n      <\/div><!--\/content-inner-->\n      \n      \n<div class=\"post-meta\">\n  \n  <span class=\"meta-author\"> <a href=\"https:\/\/ghvsolutions.com\/en\/author\/solutionsghv\/\"> <i class=\"icon-default-style icon-salient-m-user\"><\/i> solutionsghv<\/a> <\/span> \n  \n      <span class=\"meta-comment-count\">  <a href=\"https:\/\/ghvsolutions.com\/en\/ghid-complet-pentru-integrarea-angajatilor-straini-in-romania\/#respond\">\n      <i class=\"icon-default-style steadysets-icon-chat-3\"><\/i> 0<\/a>\n    <\/span>\n    \n  <div class=\"nectar-love-wrap\">\n    <a href=\"#\" class=\"nectar-love\" id=\"nectar-love-6416\" title=\"Love this\"> <i class=\"icon-salient-heart-2\"><\/i><span class=\"love-text\">Love<\/span><span class=\"total_loves\"><span class=\"nectar-love-count\">0<\/span><\/span><\/a>  <\/div>\n    \n<\/div><!--\/post-meta-->        \n    <\/div><!--\/post-content-->\n      \n  <\/div><!--\/inner-wrap-->\n    \n  <\/article>     \n     \n<article id=\"post-6413\" class=\"regular masonry-blog-item post-6413 post type-post status-publish format-standard has-post-thumbnail category-uncategorized\">  \n    \n  <div class=\"inner-wrap animated\">\n    \n    <div class=\"post-content\">\n      \n      <a href=\"https:\/\/ghvsolutions.com\/en\/cum-se-face-recrutarea-legala-a-muncitorilor-asiatici-in-romania\/\" class=\"img-link\"><span class=\"post-featured-img\"><img loading=\"lazy\" decoding=\"async\" width=\"600\" height=\"403\" src=\"https:\/\/ghvsolutions.com\/wp-content\/uploads\/2025\/04\/Cum-se-face-recrutarea-legala-a-muncitorilor-asiatici-in-Romania-600x403.jpg\" class=\"attachment-portfolio-thumb size-portfolio-thumb skip-lazy wp-post-image\" alt=\"\" title=\"\" sizes=\"auto, (min-width: 1600px) 20vw, (min-width: 1300px) 25vw, (min-width: 1000px) 33.3vw, (min-width: 690px) 50vw, 100vw\" srcset=\"https:\/\/ghvsolutions.com\/wp-content\/uploads\/2025\/04\/Cum-se-face-recrutarea-legala-a-muncitorilor-asiatici-in-Romania-600x403.jpg 600w, https:\/\/ghvsolutions.com\/wp-content\/uploads\/2025\/04\/Cum-se-face-recrutarea-legala-a-muncitorilor-asiatici-in-Romania-900x604.jpg 900w, https:\/\/ghvsolutions.com\/wp-content\/uploads\/2025\/04\/Cum-se-face-recrutarea-legala-a-muncitorilor-asiatici-in-Romania-400x269.jpg 400w\"><\/span><\/a>      \n      <div class=\"content-inner\">\n        \n        <a class=\"entire-meta-link\" href=\"https:\/\/ghvsolutions.com\/en\/cum-se-face-recrutarea-legala-a-muncitorilor-asiatici-in-romania\/\"><span class=\"screen-reader-text\">How to legally recruit Asian workers in Romania<\/span><\/a>\n        \n        <span class=\"meta-category\"><a class=\"uncategorized\" href=\"https:\/\/ghvsolutions.com\/en\/category\/uncategorized\/\">GHV SOLUTIONS<\/a><\/span>        \n        <div class=\"article-content-wrap\">\n          \n          <div class=\"post-header\">\n            <span>April 10, 2025<\/span>            <h3 class=\"title\"><a href=\"https:\/\/ghvsolutions.com\/en\/cum-se-face-recrutarea-legala-a-muncitorilor-asiatici-in-romania\/\"> How to legally recruit Asian workers in Romania<\/a><\/h3>\n          <\/div>\n          \n          <div class=\"excerpt\">F\u0103r\u0103 b\u0103t\u0103i de cap, cu GHV Solutions Recrutarea legal\u0103 a muncitorilor asiatici poate p\u0103rea un&hellip;<\/div>\n        <\/div><!--article-content-wrap-->\n        \n      <\/div><!--\/content-inner-->\n      \n      \n<div class=\"post-meta\">\n  \n  <span class=\"meta-author\"> <a href=\"https:\/\/ghvsolutions.com\/en\/author\/solutionsghv\/\"> <i class=\"icon-default-style icon-salient-m-user\"><\/i> solutionsghv<\/a> <\/span> \n  \n      <span class=\"meta-comment-count\">  <a href=\"https:\/\/ghvsolutions.com\/en\/cum-se-face-recrutarea-legala-a-muncitorilor-asiatici-in-romania\/#respond\">\n      <i class=\"icon-default-style steadysets-icon-chat-3\"><\/i> 0<\/a>\n    <\/span>\n    \n  <div class=\"nectar-love-wrap\">\n    <a href=\"#\" class=\"nectar-love\" id=\"nectar-love-6413\" title=\"Love this\"> <i class=\"icon-salient-heart-2\"><\/i><span class=\"love-text\">Love<\/span><span class=\"total_loves\"><span class=\"nectar-love-count\">0<\/span><\/span><\/a>  <\/div>\n    \n<\/div><!--\/post-meta-->        \n    <\/div><!--\/post-content-->\n      \n  <\/div><!--\/inner-wrap-->\n    \n  <\/article>     \n     \n<article id=\"post-6410\" class=\"regular masonry-blog-item post-6410 post type-post status-publish format-standard has-post-thumbnail category-uncategorized\">  \n    \n  <div class=\"inner-wrap animated\">\n    \n    <div class=\"post-content\">\n      \n      <a href=\"https:\/\/ghvsolutions.com\/en\/beneficiile-angajarii-muncitorilor-straini-in-romania\/\" class=\"img-link\"><span class=\"post-featured-img\"><img loading=\"lazy\" decoding=\"async\" width=\"600\" height=\"403\" src=\"https:\/\/ghvsolutions.com\/wp-content\/uploads\/2025\/04\/Beneficiile-angajarii-muncitorilor-straini-in-Romania-600x403.jpg\" class=\"attachment-portfolio-thumb size-portfolio-thumb skip-lazy wp-post-image\" alt=\"\" title=\"\" sizes=\"auto, (min-width: 1600px) 20vw, (min-width: 1300px) 25vw, (min-width: 1000px) 33.3vw, (min-width: 690px) 50vw, 100vw\" srcset=\"https:\/\/ghvsolutions.com\/wp-content\/uploads\/2025\/04\/Beneficiile-angajarii-muncitorilor-straini-in-Romania-600x403.jpg 600w, https:\/\/ghvsolutions.com\/wp-content\/uploads\/2025\/04\/Beneficiile-angajarii-muncitorilor-straini-in-Romania-900x604.jpg 900w, https:\/\/ghvsolutions.com\/wp-content\/uploads\/2025\/04\/Beneficiile-angajarii-muncitorilor-straini-in-Romania-400x269.jpg 400w\"><\/span><\/a>      \n      <div class=\"content-inner\">\n        \n        <a class=\"entire-meta-link\" href=\"https:\/\/ghvsolutions.com\/en\/beneficiile-angajarii-muncitorilor-straini-in-romania\/\"><span class=\"screen-reader-text\">Benefits of hiring foreign workers in Romania<\/span><\/a>\n        \n        <span class=\"meta-category\"><a class=\"uncategorized\" href=\"https:\/\/ghvsolutions.com\/en\/category\/uncategorized\/\">GHV SOLUTIONS<\/a><\/span>        \n        <div class=\"article-content-wrap\">\n          \n          <div class=\"post-header\">\n            <span>April 10, 2025<\/span>            <h3 class=\"title\"><a href=\"https:\/\/ghvsolutions.com\/en\/beneficiile-angajarii-muncitorilor-straini-in-romania\/\"> Benefits of hiring foreign workers in Romania<\/a><\/h3>\n          <\/div>\n          \n          <div class=\"excerpt\">Angajarea muncitorilor str\u0103ini devine o solu\u021bie tot mai viabil\u0103 pentru companiile din Rom\u00e2nia. Ace\u0219tia aduc&hellip;<\/div>\n        <\/div><!--article-content-wrap-->\n        \n      <\/div><!--\/content-inner-->\n      \n      \n<div class=\"post-meta\">\n  \n  <span class=\"meta-author\"> <a href=\"https:\/\/ghvsolutions.com\/en\/author\/solutionsghv\/\"> <i class=\"icon-default-style icon-salient-m-user\"><\/i> solutionsghv<\/a> <\/span> \n  \n      <span class=\"meta-comment-count\">  <a href=\"https:\/\/ghvsolutions.com\/en\/beneficiile-angajarii-muncitorilor-straini-in-romania\/#respond\">\n      <i class=\"icon-default-style steadysets-icon-chat-3\"><\/i> 0<\/a>\n    <\/span>\n    \n  <div class=\"nectar-love-wrap\">\n    <a href=\"#\" class=\"nectar-love\" id=\"nectar-love-6410\" title=\"Love this\"> <i class=\"icon-salient-heart-2\"><\/i><span class=\"love-text\">Love<\/span><span class=\"total_loves\"><span class=\"nectar-love-count\">0<\/span><\/span><\/a>  <\/div>\n    \n<\/div><!--\/post-meta-->        \n    <\/div><!--\/post-content-->\n      \n  <\/div><!--\/inner-wrap-->\n    \n  <\/article>     \n     \n<article id=\"post-6400\" class=\"regular masonry-blog-item post-6400 post type-post status-publish format-standard has-post-thumbnail category-uncategorized\">  \n    \n  <div class=\"inner-wrap animated\">\n    \n    <div class=\"post-content\">\n      \n      <a href=\"https:\/\/ghvsolutions.com\/en\/strategie-eficienta-pentru-aducerea-muncitorilor-straini-in-romania\/\" class=\"img-link\"><span class=\"post-featured-img\"><img loading=\"lazy\" decoding=\"async\" width=\"600\" height=\"403\" src=\"https:\/\/ghvsolutions.com\/wp-content\/uploads\/2025\/04\/Strategie-eficienta-pentru-aducerea-muncitorilor-straini-in-Romania-600x403.jpg\" class=\"attachment-portfolio-thumb size-portfolio-thumb skip-lazy wp-post-image\" alt=\"\" title=\"\" sizes=\"auto, (min-width: 1600px) 20vw, (min-width: 1300px) 25vw, (min-width: 1000px) 33.3vw, (min-width: 690px) 50vw, 100vw\" srcset=\"https:\/\/ghvsolutions.com\/wp-content\/uploads\/2025\/04\/Strategie-eficienta-pentru-aducerea-muncitorilor-straini-in-Romania-600x403.jpg 600w, https:\/\/ghvsolutions.com\/wp-content\/uploads\/2025\/04\/Strategie-eficienta-pentru-aducerea-muncitorilor-straini-in-Romania-900x604.jpg 900w, https:\/\/ghvsolutions.com\/wp-content\/uploads\/2025\/04\/Strategie-eficienta-pentru-aducerea-muncitorilor-straini-in-Romania-400x269.jpg 400w\"><\/span><\/a>      \n      <div class=\"content-inner\">\n        \n        <a class=\"entire-meta-link\" href=\"https:\/\/ghvsolutions.com\/en\/strategie-eficienta-pentru-aducerea-muncitorilor-straini-in-romania\/\"><span class=\"screen-reader-text\">Effective strategy for bringing foreign workers to Romania<\/span><\/a>\n        \n        <span class=\"meta-category\"><a class=\"uncategorized\" href=\"https:\/\/ghvsolutions.com\/en\/category\/uncategorized\/\">GHV SOLUTIONS<\/a><\/span>        \n        <div class=\"article-content-wrap\">\n          \n          <div class=\"post-header\">\n            <span>April 10, 2025<\/span>            <h3 class=\"title\"><a href=\"https:\/\/ghvsolutions.com\/en\/strategie-eficienta-pentru-aducerea-muncitorilor-straini-in-romania\/\"> Effective strategy for bringing foreign workers to Romania<\/a><\/h3>\n          <\/div>\n          \n          <div class=\"excerpt\">Integrarea muncitorilor str\u0103ini \u00een Rom\u00e2nia necesit\u0103 o strategie bine pus\u0103 la punct, care s\u0103 \u021bin\u0103&hellip;<\/div>\n        <\/div><!--article-content-wrap-->\n        \n      <\/div><!--\/content-inner-->\n      \n      \n<div class=\"post-meta\">\n  \n  <span class=\"meta-author\"> <a href=\"https:\/\/ghvsolutions.com\/en\/author\/solutionsghv\/\"> <i class=\"icon-default-style icon-salient-m-user\"><\/i> solutionsghv<\/a> <\/span> \n  \n      <span class=\"meta-comment-count\">  <a href=\"https:\/\/ghvsolutions.com\/en\/strategie-eficienta-pentru-aducerea-muncitorilor-straini-in-romania\/#respond\">\n      <i class=\"icon-default-style steadysets-icon-chat-3\"><\/i> 0<\/a>\n    <\/span>\n    \n  <div class=\"nectar-love-wrap\">\n    <a href=\"#\" class=\"nectar-love\" id=\"nectar-love-6400\" title=\"Love this\"> <i class=\"icon-salient-heart-2\"><\/i><span class=\"love-text\">Love<\/span><span class=\"total_loves\"><span class=\"nectar-love-count\">0<\/span><\/span><\/a>  <\/div>\n    \n<\/div><!--\/post-meta-->        \n    <\/div><!--\/post-content-->\n      \n  <\/div><!--\/inner-wrap-->\n    \n  <\/article>    \n    <\/div><!--\/posts container-->\n    \n      \n<\/div><!--\/post area-->\n\n  \n\n<\/div>\n\n\n\t\t\t<\/div> \n\t\t<\/div>\n\t<\/div> \n<\/div><\/div>","protected":false},"excerpt":{"rendered":"Integrarea muncitorilor str\u0103ini \u00een Rom\u00e2nia necesit\u0103 o strategie bine pus\u0103 la punct, care s\u0103 \u021bin\u0103 cont de cerin\u021bele legale, diferen\u021bele culturale \u0219i logistica implicat\u0103. GHV Solutions \u00ee\u021bi ofer\u0103 un ghid...","protected":false},"author":1,"featured_media":0,"parent":0,"menu_order":0,"comment_status":"closed","ping_status":"closed","template":"","meta":{"footnotes":""},"class_list":["post-13","page","type-page","status-publish"],"_links":{"self":[{"href":"https:\/\/ghvsolutions.com\/en\/wp-json\/wp\/v2\/pages\/13","targetHints":{"allow":["GET"]}}],"collection":[{"href":"https:\/\/ghvsolutions.com\/en\/wp-json\/wp\/v2\/pages"}],"about":[{"href":"https:\/\/ghvsolutions.com\/en\/wp-json\/wp\/v2\/types\/page"}],"author":[{"embeddable":true,"href":"https:\/\/ghvsolutions.com\/en\/wp-json\/wp\/v2\/users\/1"}],"replies":[{"embeddable":true,"href":"https:\/\/ghvsolutions.com\/en\/wp-json\/wp\/v2\/comments?post=13"}],"version-history":[{"count":6,"href":"https:\/\/ghvsolutions.com\/en\/wp-json\/wp\/v2\/pages\/13\/revisions"}],"predecessor-version":[{"id":6540,"href":"https:\/\/ghvsolutions.com\/en\/wp-json\/wp\/v2\/pages\/13\/revisions\/6540"}],"wp:attachment":[{"href":"https:\/\/ghvsolutions.com\/en\/wp-json\/wp\/v2\/media?parent=13"}],"curies":[{"name":"wp","href":"https:\/\/api.w.org\/{rel}","templated":true}]}}